{"id":322,"date":"2024-08-02T20:37:28","date_gmt":"2024-08-02T18:37:28","guid":{"rendered":"https:\/\/www.barbaracermakova.cz\/?page_id=322"},"modified":"2024-08-02T20:38:24","modified_gmt":"2024-08-02T18:38:24","slug":"zasady-ochrany-osobnich-udaju","status":"publish","type":"page","link":"https:\/\/www.barbaracermakova.cz\/?page_id=322","title":{"rendered":"Z\u00e1sady ochrany osobn\u00edch \u00fadaj\u016f"},"content":{"rendered":"\t\t<div data-elementor-type=\"wp-page\" data-elementor-id=\"322\" class=\"elementor elementor-322\" data-elementor-post-type=\"page\">\n\t\t\t\t<div class=\"elementor-element elementor-element-03e37ac e-flex e-con-boxed e-con e-parent\" data-id=\"03e37ac\" data-element_type=\"container\">\n\t\t\t\t\t<div class=\"e-con-inner\">\n\t\t\t\t<div class=\"elementor-element elementor-element-c617eef elementor-widget elementor-widget-text-editor\" data-id=\"c617eef\" data-element_type=\"widget\" data-widget_type=\"text-editor.default\">\n\t\t\t\t<div class=\"elementor-widget-container\">\n\t\t\t\t\t\t\t\t\t<p><strong>Z\u00e1sady ochrany osobn\u00edch \u00fadaj\u016f pro webov\u00e9 str\u00e1nky <a href=\"http:\/\/www.barbaracermakova.cz\" target=\"_new\" rel=\"noreferrer\">www.barbaracermakova.cz<\/a><\/strong><\/p><p><strong>1. \u00davod<\/strong><\/p><p>1.1. Tyto z\u00e1sady ochrany osobn\u00edch \u00fadaj\u016f (d\u00e1le jen &#8222;z\u00e1sady&#8220;) vysv\u011btluj\u00ed, jak Barbara \u010cerm\u00e1kov\u00e1 (d\u00e1le jen &#8222;provozovatel&#8220;), se s\u00eddlem Kon\u011bprusy 86, 266 01 Beroun, I\u010c: 71493557, zpracov\u00e1v\u00e1 a chr\u00e1n\u00ed osobn\u00ed \u00fadaje sv\u00fdch z\u00e1kazn\u00edk\u016f a n\u00e1v\u0161t\u011bvn\u00edk\u016f webov\u00fdch str\u00e1nek <a href=\"http:\/\/www.barbaracermakova.cz\" target=\"_new\" rel=\"noreferrer\">www.barbaracermakova.cz<\/a>.<\/p><p>1.2. Provozovatel je spr\u00e1vcem osobn\u00edch \u00fadaj\u016f podle obecn\u00e9ho na\u0159\u00edzen\u00ed o ochran\u011b osobn\u00edch \u00fadaj\u016f (GDPR).<\/p><p><strong>2. Zpracov\u00e1van\u00e9 osobn\u00ed \u00fadaje<\/strong><\/p><p>2.1. Provozovatel zpracov\u00e1v\u00e1 n\u00e1sleduj\u00edc\u00ed osobn\u00ed \u00fadaje:<\/p><ul><li>Jm\u00e9no a p\u0159\u00edjmen\u00ed<\/li><li>Adresa<\/li><li>E-mailov\u00e1 adresa<\/li><li>Telefonn\u00ed \u010d\u00edslo<\/li><li>Platebn\u00ed \u00fadaje (nap\u0159. \u010d\u00edslo bankovn\u00edho \u00fa\u010dtu)<\/li><\/ul><p>2.2. Osobn\u00ed \u00fadaje jsou zpracov\u00e1v\u00e1ny pro \u00fa\u010dely uzav\u0159en\u00ed a pln\u011bn\u00ed smlouvy, vy\u0159\u00edzen\u00ed objedn\u00e1vek, poskytov\u00e1n\u00ed slu\u017eeb, komunikace se z\u00e1kazn\u00edky a pln\u011bn\u00ed z\u00e1konn\u00fdch povinnost\u00ed.<\/p><p><strong>3. Pr\u00e1vn\u00ed z\u00e1klad zpracov\u00e1n\u00ed<\/strong><\/p><p>3.1. Zpracov\u00e1n\u00ed osobn\u00edch \u00fadaj\u016f je zalo\u017eeno na n\u00e1sleduj\u00edc\u00edch pr\u00e1vn\u00edch z\u00e1kladech:<\/p><ul><li>Pln\u011bn\u00ed smlouvy (prodej j\u00f3gov\u00fdch lekc\u00ed)<\/li><li>Pln\u011bn\u00ed pr\u00e1vn\u00ed povinnosti (nap\u0159. \u00fa\u010detn\u00ed a da\u0148ov\u00e9 povinnosti)<\/li><li>Opr\u00e1vn\u011bn\u00fd z\u00e1jem (nap\u0159. p\u0159\u00edm\u00fd marketing)<\/li><li>Souhlas subjektu \u00fadaj\u016f (pro marketingov\u00e9 \u00fa\u010dely, pokud je vy\u017eadov\u00e1n)<\/li><\/ul><p><strong>4. Doba uchov\u00e1v\u00e1n\u00ed osobn\u00edch \u00fadaj\u016f<\/strong><\/p><p>4.1. Osobn\u00ed \u00fadaje jsou uchov\u00e1v\u00e1ny po dobu nezbytn\u011b nutnou k dosa\u017een\u00ed \u00fa\u010delu jejich zpracov\u00e1n\u00ed nebo po dobu stanovenou p\u0159\u00edslu\u0161n\u00fdmi pr\u00e1vn\u00edmi p\u0159edpisy.<\/p><p><strong>5. P\u0159ed\u00e1v\u00e1n\u00ed osobn\u00edch \u00fadaj\u016f t\u0159et\u00edm stran\u00e1m<\/strong><\/p><p>5.1. Provozovatel m\u016f\u017ee p\u0159ed\u00e1vat osobn\u00ed \u00fadaje n\u00e1sleduj\u00edc\u00edm t\u0159et\u00edm stran\u00e1m:<\/p><ul><li>Poskytovatel\u00e9 platebn\u00edch slu\u017eeb<\/li><li>Poskytovatel\u00e9 IT slu\u017eeb a hostingu<\/li><li>\u00da\u010detn\u00ed a da\u0148ov\u00ed poradci<\/li><li>Org\u00e1ny st\u00e1tn\u00ed spr\u00e1vy v r\u00e1mci pln\u011bn\u00ed z\u00e1konn\u00fdch povinnost\u00ed<\/li><\/ul><p>5.2. Osobn\u00ed \u00fadaje nejsou p\u0159ed\u00e1v\u00e1ny do t\u0159et\u00edch zem\u00ed mimo EU\/EHP.<\/p><p><strong>6. Pr\u00e1va subjekt\u016f \u00fadaj\u016f<\/strong><\/p><p>6.1. Subjekty \u00fadaj\u016f maj\u00ed pr\u00e1vo:<\/p><ul><li>Na p\u0159\u00edstup k osobn\u00edm \u00fadaj\u016fm<\/li><li>Na opravu nep\u0159esn\u00fdch nebo ne\u00fapln\u00fdch \u00fadaj\u016f<\/li><li>Na v\u00fdmaz osobn\u00edch \u00fadaj\u016f (pr\u00e1vo b\u00fdt zapomenut)<\/li><li>Na omezen\u00ed zpracov\u00e1n\u00ed<\/li><li>Na p\u0159enositelnost \u00fadaj\u016f<\/li><li>Na vznesen\u00ed n\u00e1mitky proti zpracov\u00e1n\u00ed<\/li><li>Na odvol\u00e1n\u00ed souhlasu se zpracov\u00e1n\u00edm osobn\u00edch \u00fadaj\u016f<\/li><\/ul><p>6.2. Subjekty \u00fadaj\u016f mohou sv\u00e1 pr\u00e1va uplatnit prost\u0159ednictv\u00edm kontaktu na e-mail: <a rel=\"noreferrer\">ja@barbaracermakova.cz<\/a>.<\/p><p><strong>7. Zabezpe\u010den\u00ed osobn\u00edch \u00fadaj\u016f<\/strong><\/p><p>7.1. Provozovatel p\u0159ij\u00edm\u00e1 vhodn\u00e1 technick\u00e1 a organiza\u010dn\u00ed opat\u0159en\u00ed k ochran\u011b osobn\u00edch \u00fadaj\u016f p\u0159ed neopr\u00e1vn\u011bn\u00fdm p\u0159\u00edstupem, ztr\u00e1tou nebo zneu\u017eit\u00edm.<\/p><p><strong>8. Z\u00e1v\u011bre\u010dn\u00e1 ustanoven\u00ed<\/strong><\/p><p>8.1. Tyto z\u00e1sady mohou b\u00fdt aktualizov\u00e1ny. Aktu\u00e1ln\u00ed verze z\u00e1sad je v\u017edy k dispozici na webov\u00fdch str\u00e1nk\u00e1ch <a href=\"http:\/\/www.barbaracermakova.cz\" target=\"_new\" rel=\"noreferrer\">www.barbaracermakova.cz<\/a>.<\/p><p>8.2. V p\u0159\u00edpad\u011b nespokojenosti se zpracov\u00e1n\u00edm osobn\u00edch \u00fadaj\u016f maj\u00ed subjekty \u00fadaj\u016f pr\u00e1vo podat st\u00ed\u017enost u \u00da\u0159adu pro ochranu osobn\u00edch \u00fadaj\u016f.<\/p>\t\t\t\t\t\t\t\t<\/div>\n\t\t\t\t<\/div>\n\t\t\t\t\t<\/div>\n\t\t\t\t<\/div>\n\t\t\t\t<\/div>\n\t\t","protected":false},"excerpt":{"rendered":"<p>Z\u00e1sady ochrany osobn\u00edch \u00fadaj\u016f pro webov\u00e9 str\u00e1nky www.barbaracermakova.cz 1. \u00davod 1.1. Tyto z\u00e1sady ochrany osobn\u00edch \u00fadaj\u016f (d\u00e1le jen &#8222;z\u00e1sady&#8220;) vysv\u011btluj\u00ed, jak Barbara \u010cerm\u00e1kov\u00e1 (d\u00e1le jen &#8222;provozovatel&#8220;), se s\u00eddlem Kon\u011bprusy 86, 266 01 Beroun, I\u010c: 71493557, zpracov\u00e1v\u00e1 a chr\u00e1n\u00ed osobn\u00ed \u00fadaje sv\u00fdch z\u00e1kazn\u00edk\u016f a n\u00e1v\u0161t\u011bvn\u00edk\u016f webov\u00fdch str\u00e1nek www.barbaracermakova.cz. 1.2. Provozovatel je spr\u00e1vcem osobn\u00edch \u00fadaj\u016f podle obecn\u00e9ho [&hellip;]<\/p>\n","protected":false},"author":1,"featured_media":0,"parent":0,"menu_order":0,"comment_status":"closed","ping_status":"closed","template":"","meta":{"footnotes":""},"class_list":["post-322","page","type-page","status-publish","hentry"],"_links":{"self":[{"href":"https:\/\/www.barbaracermakova.cz\/index.php?rest_route=\/wp\/v2\/pages\/322","targetHints":{"allow":["GET"]}}],"collection":[{"href":"https:\/\/www.barbaracermakova.cz\/index.php?rest_route=\/wp\/v2\/pages"}],"about":[{"href":"https:\/\/www.barbaracermakova.cz\/index.php?rest_route=\/wp\/v2\/types\/page"}],"author":[{"embeddable":true,"href":"https:\/\/www.barbaracermakova.cz\/index.php?rest_route=\/wp\/v2\/users\/1"}],"replies":[{"embeddable":true,"href":"https:\/\/www.barbaracermakova.cz\/index.php?rest_route=%2Fwp%2Fv2%2Fcomments&post=322"}],"version-history":[{"count":4,"href":"https:\/\/www.barbaracermakova.cz\/index.php?rest_route=\/wp\/v2\/pages\/322\/revisions"}],"predecessor-version":[{"id":326,"href":"https:\/\/www.barbaracermakova.cz\/index.php?rest_route=\/wp\/v2\/pages\/322\/revisions\/326"}],"wp:attachment":[{"href":"https:\/\/www.barbaracermakova.cz\/index.php?rest_route=%2Fwp%2Fv2%2Fmedia&parent=322"}],"curies":[{"name":"wp","href":"https:\/\/api.w.org\/{rel}","templated":true}]}}