{"id":316,"date":"2024-08-02T20:31:56","date_gmt":"2024-08-02T18:31:56","guid":{"rendered":"https:\/\/www.barbaracermakova.cz\/?page_id=316"},"modified":"2024-08-02T20:32:50","modified_gmt":"2024-08-02T18:32:50","slug":"obchodni-podminky","status":"publish","type":"page","link":"https:\/\/www.barbaracermakova.cz\/?page_id=316","title":{"rendered":"Obchodn\u00ed podm\u00ednky"},"content":{"rendered":"\t\t<div data-elementor-type=\"wp-page\" data-elementor-id=\"316\" class=\"elementor elementor-316\" data-elementor-post-type=\"page\">\n\t\t\t\t<div class=\"elementor-element elementor-element-10c8e37 e-flex e-con-boxed e-con e-parent\" data-id=\"10c8e37\" data-element_type=\"container\">\n\t\t\t\t\t<div class=\"e-con-inner\">\n\t\t\t\t<div class=\"elementor-element elementor-element-a9b9892 elementor-widget elementor-widget-text-editor\" data-id=\"a9b9892\" data-element_type=\"widget\" data-widget_type=\"text-editor.default\">\n\t\t\t\t<div class=\"elementor-widget-container\">\n\t\t\t\t\t\t\t\t\t<p><strong>Obchodn\u00ed podm\u00ednky pro e-shop na webov\u00fdch str\u00e1nk\u00e1ch <a href=\"http:\/\/www.barbaracermakova.cz\" target=\"_new\" rel=\"noreferrer\">www.barbaracermakova.cz<\/a><\/strong><\/p><p><strong>1. \u00davodn\u00ed ustanoven\u00ed<\/strong><\/p><p>1.1. Tyto obchodn\u00ed podm\u00ednky (d\u00e1le jen &#8222;podm\u00ednky&#8220;) upravuj\u00ed pr\u00e1va a povinnosti mezi provozovatelem e-shopu (d\u00e1le jen &#8222;prod\u00e1vaj\u00edc\u00ed&#8220;) a z\u00e1kazn\u00edky (d\u00e1le jen &#8222;kupuj\u00edc\u00ed&#8220;) p\u0159i prodeji j\u00f3gov\u00fdch lekc\u00ed prost\u0159ednictv\u00edm internetov\u00fdch str\u00e1nek.<\/p><p>1.2. Prod\u00e1vaj\u00edc\u00ed:<\/p><ul><li><strong>Jm\u00e9no a p\u0159\u00edjmen\u00ed:<\/strong> Barbara \u010cerm\u00e1kov\u00e1<\/li><li><strong>S\u00eddlo:<\/strong> Kon\u011bprusy 86, 266 01 Beroun<\/li><li><strong>I\u010c:<\/strong> 71493557<\/li><li><strong>Telefon:<\/strong> +420 724 530 612<\/li><li><strong>E-mail:<\/strong> <a rel=\"noreferrer\">ja@barbaracermakova.cz<\/a><\/li><\/ul><p><strong>2. Objedn\u00e1vka a uzav\u0159en\u00ed kupn\u00ed smlouvy<\/strong><\/p><p>2.1. Objedn\u00e1vka j\u00f3gov\u00fdch lekc\u00ed je mo\u017en\u00e1 prost\u0159ednictv\u00edm online formul\u00e1\u0159e na webov\u00fdch str\u00e1nk\u00e1ch e-shopu.<\/p><p>2.2. Kupn\u00ed smlouva je uzav\u0159ena okam\u017eikem potvrzen\u00ed objedn\u00e1vky prod\u00e1vaj\u00edc\u00edm.<\/p><p>2.3. Kupuj\u00edc\u00ed souhlas\u00ed s pou\u017eit\u00edm komunika\u010dn\u00edch prost\u0159edk\u016f na d\u00e1lku p\u0159i uzav\u00edr\u00e1n\u00ed kupn\u00ed smlouvy.<\/p><p><strong>3. Cena a platebn\u00ed podm\u00ednky<\/strong><\/p><p>3.1. Cena za j\u00f3gov\u00e9 lekce je kone\u010dn\u00e1 a prod\u00e1vaj\u00edc\u00ed nen\u00ed pl\u00e1tcem DPH.<\/p><p>3.2. Platba m\u016f\u017ee b\u00fdt provedena n\u00e1sleduj\u00edc\u00edm zp\u016fsobem:<\/p><ul><li>Bankovn\u00edm p\u0159evodem<\/li><\/ul><p>3.3. Kupuj\u00edc\u00ed je povinen uhradit cenu za lekce p\u0159ed jejich poskytnut\u00edm.<\/p><p><strong>4. Poskytov\u00e1n\u00ed slu\u017eeb<\/strong><\/p><p>4.1. J\u00f3gov\u00e9 lekce budou poskytnuty ve form\u011b online nebo fyzick\u00fdch setk\u00e1n\u00ed, dle dohody a nab\u00eddky prod\u00e1vaj\u00edc\u00edho.<\/p><p>4.2. Term\u00edny a m\u00edsto kon\u00e1n\u00ed lekc\u00ed budou dohodnuty prost\u0159ednictv\u00edm e-mailu nebo telefonu.<\/p><p><strong>5. Odstoupen\u00ed od smlouvy<\/strong><\/p><p>5.1. Kupuj\u00edc\u00ed m\u00e1 pr\u00e1vo odstoupit od smlouvy do 14 dn\u016f od uzav\u0159en\u00ed bez ud\u00e1n\u00ed d\u016fvodu, pokud lekce je\u0161t\u011b nebyly poskytnuty.<\/p><p>5.2. Pro odstoupen\u00ed od smlouvy m\u016f\u017ee kupuj\u00edc\u00ed zaslat e-mail na adresu: <a rel=\"noreferrer\">ja@barbaracermakova.cz<\/a>.<\/p><p><strong>6. Reklama\u010dn\u00ed \u0159\u00e1d<\/strong><\/p><p>6.1. Kupuj\u00edc\u00ed m\u00e1 pr\u00e1vo uplatnit reklamaci v p\u0159\u00edpad\u011b, \u017ee poskytnut\u00e9 lekce neodpov\u00eddaj\u00ed dohodnut\u00fdm podm\u00ednk\u00e1m.<\/p><p>6.2. Reklamace mus\u00ed b\u00fdt uplatn\u011bna p\u00edsemn\u011b a zasl\u00e1na na kontaktn\u00ed adresu prod\u00e1vaj\u00edc\u00edho.<\/p><p><strong>7. Ochrana osobn\u00edch \u00fadaj\u016f<\/strong><\/p><p>7.1. Prod\u00e1vaj\u00edc\u00ed se zavazuje chr\u00e1nit osobn\u00ed \u00fadaje kupuj\u00edc\u00edho v souladu s platn\u00fdmi z\u00e1kony o ochran\u011b osobn\u00edch \u00fadaj\u016f.<\/p><p>7.2. Podm\u00ednky zpracov\u00e1n\u00ed osobn\u00edch \u00fadaj\u016f jsou podrobn\u011bji pops\u00e1ny v z\u00e1sad\u00e1ch ochrany osobn\u00edch \u00fadaj\u016f, kter\u00e9 jsou dostupn\u00e9 na webov\u00fdch str\u00e1nk\u00e1ch.<\/p><p><strong>8. Z\u00e1v\u011bre\u010dn\u00e1 ustanoven\u00ed<\/strong><\/p><p>8.1. Tyto obchodn\u00ed podm\u00ednky jsou platn\u00e9 a \u00fa\u010dinn\u00e9 od 1. 8. 2024.<\/p><p>8.2. Prod\u00e1vaj\u00edc\u00ed si vyhrazuje pr\u00e1vo na zm\u011bnu podm\u00ednek, p\u0159i\u010dem\u017e nov\u00e9 podm\u00ednky budou zve\u0159ejn\u011bny na webov\u00fdch str\u00e1nk\u00e1ch e-shopu.<\/p><p>8.3. Pr\u00e1vn\u00ed vztahy t\u011bmito podm\u00ednkami v\u00fdslovn\u011b neupraven\u00e9 se \u0159\u00edd\u00ed ob\u010dansk\u00fdm z\u00e1kon\u00edkem a dal\u0161\u00edmi p\u0159\u00edslu\u0161n\u00fdmi pr\u00e1vn\u00edmi p\u0159edpisy \u010cesk\u00e9 republiky.<\/p>\t\t\t\t\t\t\t\t<\/div>\n\t\t\t\t<\/div>\n\t\t\t\t\t<\/div>\n\t\t\t\t<\/div>\n\t\t\t\t<\/div>\n\t\t","protected":false},"excerpt":{"rendered":"<p>Obchodn\u00ed podm\u00ednky pro e-shop na webov\u00fdch str\u00e1nk\u00e1ch www.barbaracermakova.cz 1. \u00davodn\u00ed ustanoven\u00ed 1.1. Tyto obchodn\u00ed podm\u00ednky (d\u00e1le jen &#8222;podm\u00ednky&#8220;) upravuj\u00ed pr\u00e1va a povinnosti mezi provozovatelem e-shopu (d\u00e1le jen &#8222;prod\u00e1vaj\u00edc\u00ed&#8220;) a z\u00e1kazn\u00edky (d\u00e1le jen &#8222;kupuj\u00edc\u00ed&#8220;) p\u0159i prodeji j\u00f3gov\u00fdch lekc\u00ed prost\u0159ednictv\u00edm internetov\u00fdch str\u00e1nek. 1.2. Prod\u00e1vaj\u00edc\u00ed: Jm\u00e9no a p\u0159\u00edjmen\u00ed: Barbara \u010cerm\u00e1kov\u00e1 S\u00eddlo: Kon\u011bprusy 86, 266 01 Beroun I\u010c: 71493557 [&hellip;]<\/p>\n","protected":false},"author":1,"featured_media":0,"parent":0,"menu_order":0,"comment_status":"closed","ping_status":"closed","template":"","meta":{"footnotes":""},"class_list":["post-316","page","type-page","status-publish","hentry"],"_links":{"self":[{"href":"https:\/\/www.barbaracermakova.cz\/index.php?rest_route=\/wp\/v2\/pages\/316","targetHints":{"allow":["GET"]}}],"collection":[{"href":"https:\/\/www.barbaracermakova.cz\/index.php?rest_route=\/wp\/v2\/pages"}],"about":[{"href":"https:\/\/www.barbaracermakova.cz\/index.php?rest_route=\/wp\/v2\/types\/page"}],"author":[{"embeddable":true,"href":"https:\/\/www.barbaracermakova.cz\/index.php?rest_route=\/wp\/v2\/users\/1"}],"replies":[{"embeddable":true,"href":"https:\/\/www.barbaracermakova.cz\/index.php?rest_route=%2Fwp%2Fv2%2Fcomments&post=316"}],"version-history":[{"count":4,"href":"https:\/\/www.barbaracermakova.cz\/index.php?rest_route=\/wp\/v2\/pages\/316\/revisions"}],"predecessor-version":[{"id":320,"href":"https:\/\/www.barbaracermakova.cz\/index.php?rest_route=\/wp\/v2\/pages\/316\/revisions\/320"}],"wp:attachment":[{"href":"https:\/\/www.barbaracermakova.cz\/index.php?rest_route=%2Fwp%2Fv2%2Fmedia&parent=316"}],"curies":[{"name":"wp","href":"https:\/\/api.w.org\/{rel}","templated":true}]}}